{"id":1683,"date":"2021-01-17T23:29:38","date_gmt":"2021-01-17T22:29:38","guid":{"rendered":"https:\/\/betonfloor.sk\/ueber-uns\/"},"modified":"2021-01-17T23:36:10","modified_gmt":"2021-01-17T22:36:10","slug":"ueber-uns","status":"publish","type":"page","link":"https:\/\/betonfloor.sk\/de\/ueber-uns\/","title":{"rendered":"\u00dcber uns"},"content":{"rendered":"<p>[vc_row][vc_column width=&#8220;2\/3&#8243;][vc_single_image image=&#8220;1686&#8243; img_size=&#8220;full&#8220; alignment=&#8220;center&#8220;][\/vc_column][vc_column width=&#8220;1\/3&#8243;]<h5 class='heading-content  style-1' ><span>\u00dcber uns<\/span><\/h5>[vc_column_text]<br \/>\nWir sind neue slowakische Gesellschaft mit neunj\u00e4hriger Erfahrungen im Ausland (Australien, England). Wir spezialisieren uns auf die Behandlung von B\u00f6den auf Basis von Epoxid- und Polyurethan-Harz, auf polierten Beton, Schleifen, Anhydrid-Estrich und Nivellierestrich. Unser Leitsatz ist, Ihnen h\u00f6chste Qualit\u00e4t in der professionellen technischen Herstellung zu bieten.<br \/>\n[\/vc_column_text][vc_empty_space height=&#8220;20px&#8220;]<h5 class='heading-content  style-1' ><span>Unsere Erfahrungen<\/span><\/h5>[vc_column_text]Wir haben unz\u00e4hlige Erfahrungen, die wir dank der Ausf\u00fchrung der Boden-Systeme in vielen Wohnungen, H\u00e4usern, Garagen, Industriegeb\u00e4uden und Mehrzweckobjekten erwerben konnten.<\/p>\n<p>Wir legen mit Nachdruck Wert auf hohe Qualit\u00e4t der angewendeten Gussb\u00f6den und bevorzugen daher bew\u00e4hrte Stoffe von namhaften Herstellern.<br \/>\n[\/vc_column_text][vc_column_text]Unsere Firma garantiert Ihnen:<\/p>\n<ul>\n<li>Individuelle professionelle Einstellung, Beratung \u2013 pers\u00f6nlich oder per Telefon<\/li>\n<li>Kostenloses unverbindliches Preisangebot<\/li>\n<li>Bodenentwurf genau nach Ihren Bed\u00fcrfnissen und Anforderungen<\/li>\n<\/ul>\n<p>Professionelle Einstellung und qualit\u00e4tsgerechte Arbeitnehmerentlohnung[\/vc_column_text][vc_empty_space height=&#8220;20px&#8220;][vc_btn title=&#8220;Kontaktieren Sie uns!&#8220; style=&#8220;classic&#8220; shape=&#8220;square&#8220; color=&#8220;warning&#8220; align=&#8220;center&#8220; button_block=&#8220;true&#8220; link=&#8220;url:https%3A%2F%2Fbetonfloor.sk%2Fde%2Fkontakt%2F&#8220;][\/vc_column][\/vc_row][vc_row][vc_column][\/vc_column][\/vc_row]<\/p>\n","protected":false},"excerpt":{"rendered":"<p>[vc_row][vc_column width=&#8220;2\/3&#8243;][vc_single_image image=&#8220;1686&#8243; img_size=&#8220;full&#8220; alignment=&#8220;center&#8220;][\/vc_column][vc_column width=&#8220;1\/3&#8243;][vc_column_text] Wir sind neue slowakische Gesellschaft mit neunj\u00e4hriger Erfahrungen im Ausland (Australien, England). Wir spezialisieren uns auf die Behandlung von B\u00f6den auf Basis von Epoxid- und Polyurethan-Harz, auf polierten Beton, Schleifen, Anhydrid-Estrich und Nivellierestrich. Unser&#8230;<\/p>\n","protected":false},"author":4,"featured_media":0,"parent":0,"menu_order":0,"comment_status":"open","ping_status":"open","template":"","meta":{"spay_email":""},"_links":{"self":[{"href":"https:\/\/betonfloor.sk\/de\/wp-json\/wp\/v2\/pages\/1683"}],"collection":[{"href":"https:\/\/betonfloor.sk\/de\/wp-json\/wp\/v2\/pages"}],"about":[{"href":"https:\/\/betonfloor.sk\/de\/wp-json\/wp\/v2\/types\/page"}],"author":[{"embeddable":true,"href":"https:\/\/betonfloor.sk\/de\/wp-json\/wp\/v2\/users\/4"}],"replies":[{"embeddable":true,"href":"https:\/\/betonfloor.sk\/de\/wp-json\/wp\/v2\/comments?post=1683"}],"version-history":[{"count":5,"href":"https:\/\/betonfloor.sk\/de\/wp-json\/wp\/v2\/pages\/1683\/revisions"}],"predecessor-version":[{"id":1703,"href":"https:\/\/betonfloor.sk\/de\/wp-json\/wp\/v2\/pages\/1683\/revisions\/1703"}],"wp:attachment":[{"href":"https:\/\/betonfloor.sk\/de\/wp-json\/wp\/v2\/media?parent=1683"}],"curies":[{"name":"wp","href":"https:\/\/api.w.org\/{rel}","templated":true}]}}