{"id":1499,"date":"2021-01-17T23:03:56","date_gmt":"2021-01-17T22:03:56","guid":{"rendered":"https:\/\/betonfloor.sk\/dienstleistungen\/"},"modified":"2021-01-17T23:04:02","modified_gmt":"2021-01-17T22:04:02","slug":"dienstleistungen","status":"publish","type":"page","link":"https:\/\/betonfloor.sk\/de\/dienstleistungen\/","title":{"rendered":"Dienstleistungen"},"content":{"rendered":"<p>[vc_row css=&#8220;.vc_custom_1418303236699{margin-top: -75px !important;}&#8220; has_content=&#8220;true&#8220;][vc_column]<ul class='filter  filter-modern'><i style=\"color: #000000;\" class=\"fa fa-filter\"><\/i><li><button style=\"color: #000000;\" data-filter=\"*\">All<\/button><\/li><\/ul><ul class='portfolio isotope classic'><li class='isotope-item portfolio-modern portfolio-modern--style-1 sluzby col-xs-6 col-md-4'><a href=\"https:\/\/betonfloor.sk\/de\/portfolio\/nivellierboeden\/\" class=\"portfolio-modern__link\"><div class=\"portfolio-modern__image\"><img width=\"360\" height=\"267\" src=\"https:\/\/betonfloor.sk\/wp-content\/uploads\/2014\/11\/IMG-3899-360x267.jpg\" class=\"attachment-post-thumb attachment-post-thumb size-post-thumb wp-post-image\" alt=\"\" loading=\"lazy\" \/><\/div><div class=\"portfolio-modern__wrap\"><h2 class=\"portfolio-modern__title\">Nivellierb\u00f6den<\/h2><div class=\"portfolio-modern__excerpt\">Wir realisieren einen selbstnivellierenden Estrich, der f\u00fcr maschinelle oder h\u00e4ndische Verlegung von Bel\u00e4gen geeignet ist z. B. unter Pflaster, Parketts und andere Fu\u00dfbodenbel\u00e4ge. Nivellierung kann in allen trockenen Wohnr\u00e4umen und \u00f6ffentlichen Geb\u00e4uden erfolgen. Nat\u00fcrlich muss die Beschaffenheit der Nivellierung allen...<\/div><\/div><\/a><\/li><li class='isotope-item portfolio-modern portfolio-modern--style-1 sluzby col-xs-6 col-md-4'><a href=\"https:\/\/betonfloor.sk\/de\/portfolio\/top-speed-flockenboeden\/\" class=\"portfolio-modern__link\"><div class=\"portfolio-modern__image\"><img width=\"360\" height=\"267\" src=\"https:\/\/betonfloor.sk\/wp-content\/uploads\/2014\/11\/2020-02-05-10_29_08-Top-speed-_-Metalick\u00e9-podlahy-and-13-more-pages-Personal-Microsoft-Edge-360x267.png\" class=\"attachment-post-thumb attachment-post-thumb size-post-thumb wp-post-image\" alt=\"\" loading=\"lazy\" \/><\/div><div class=\"portfolio-modern__wrap\"><h2 class=\"portfolio-modern__title\">Top Speed \u2013 Flockenb\u00f6den<\/h2><div class=\"portfolio-modern__excerpt\">Top Speed \u2013 Flockenb\u00f6den Dampfdurchl\u00e4ssiges, Polyurethan-Anstrichsystem zeichnet sich durch schnelle Aush\u00e4rtung und 100 % UV-Best\u00e4ndigkeit aus. Es ist geeignet f\u00fcr Oberfl\u00e4chen, die nicht Abdichtungsverfahren sind. Farbige dekorative Flocken regulieren die Rutschbeschaffenheit. Es ist m\u00f6glich, eine beliebige RAL der finalen Schicht...<\/div><\/div><\/a><\/li><li class='isotope-item portfolio-modern portfolio-modern--style-1 sluzby col-xs-6 col-md-4'><a href=\"https:\/\/betonfloor.sk\/de\/portfolio\/nutzboeden-industrieboeden\/\" class=\"portfolio-modern__link\"><div class=\"portfolio-modern__image\"><img width=\"360\" height=\"267\" src=\"https:\/\/betonfloor.sk\/wp-content\/uploads\/2014\/11\/industrial-concrete-floor-360x267.jpg\" class=\"attachment-post-thumb attachment-post-thumb size-post-thumb wp-post-image\" alt=\"\" loading=\"lazy\" \/><\/div><div class=\"portfolio-modern__wrap\"><h2 class=\"portfolio-modern__title\">Nutzb\u00f6den &#8211; Industrieb\u00f6den<\/h2><div class=\"portfolio-modern__excerpt\">Nutzb\u00f6den &#8211; Industrieb\u00f6den Die Industrieb\u00f6den sind extrem best\u00e4ndig,\u00a0 rutschfest und auch schwer entz\u00fcndbar. Ihr Vorteil ist die schnelle Verlegung, die den Betrieb nicht einschr\u00e4nkt. Der Industrieboden ist pflegeleicht, hat gute w\u00e4rmed\u00e4mme Beschaffenheit, Trittschallschutz, Staubschallschutz und ist einfach zu verlegen. Nach...<\/div><\/div><\/a><\/li><li class='isotope-item portfolio-modern portfolio-modern--style-1 sluzby col-xs-6 col-md-4'><a href=\"https:\/\/betonfloor.sk\/de\/portfolio\/metallicboeden\/\" class=\"portfolio-modern__link\"><div class=\"portfolio-modern__image\"><img width=\"360\" height=\"267\" src=\"https:\/\/betonfloor.sk\/wp-content\/uploads\/2014\/11\/Metallic-Epoxy-Flooring-360x267.jpg\" class=\"attachment-post-thumb attachment-post-thumb size-post-thumb wp-post-image\" alt=\"\" loading=\"lazy\" \/><\/div><div class=\"portfolio-modern__wrap\"><h2 class=\"portfolio-modern__title\">Metallicb\u00f6den<\/h2><div class=\"portfolio-modern__excerpt\">Die Metallicgussb\u00f6den sehen elegant und einzigartig aus, ihre Oberfl\u00e4che versch\u00f6nert jeden Betrieb, egal ob es sich um ein Restaurant, ein Wohnzimmer, eine Garage usw. handelt. Der Metallicgussboden passt wirklich \u00fcberall hin. Viele Menschen sind verwirrt dar\u00fcber, welcher Werkstoff verwendet wird....<\/div><\/div><\/a><\/li><li class='isotope-item portfolio-modern portfolio-modern--style-1 sluzby col-xs-6 col-md-4'><a href=\"https:\/\/betonfloor.sk\/de\/portfolio\/mikrozementboeden\/\" class=\"portfolio-modern__link\"><div class=\"portfolio-modern__image\"><img width=\"360\" height=\"267\" src=\"https:\/\/betonfloor.sk\/wp-content\/uploads\/2014\/12\/promix-microtopping-06-360x267.jpg\" class=\"attachment-post-thumb attachment-post-thumb size-post-thumb wp-post-image\" alt=\"\" loading=\"lazy\" \/><\/div><div class=\"portfolio-modern__wrap\"><h2 class=\"portfolio-modern__title\">Mikrozementb\u00f6den<\/h2><div class=\"portfolio-modern__excerpt\">Mikrozementsysteme schaffen dekorative Oberfl\u00e4chen an B\u00f6den, W\u00e4nden und anderen Oberfl\u00e4chen. Diese Werkstoffe kombinieren modernste Technologien und eine einzigartige Designaussicht. Dank Ihrer Anwendung erwerben Sie modernen rustikalen Stil in jedem Interieur. Zugleich verleihen die Mikrozementb\u00f6den jedem Interieur einen unverwechselbaren Charakter und...<\/div><\/div><\/a><\/li><li class='isotope-item portfolio-modern portfolio-modern--style-1 sluzby col-xs-6 col-md-4'><a href=\"https:\/\/betonfloor.sk\/de\/portfolio\/epoxid-boeden\/\" class=\"portfolio-modern__link\"><div class=\"portfolio-modern__image\"><img width=\"360\" height=\"267\" src=\"https:\/\/betonfloor.sk\/wp-content\/uploads\/2014\/12\/1289732489332-360x267.jpg\" class=\"attachment-post-thumb attachment-post-thumb size-post-thumb wp-post-image\" alt=\"\" loading=\"lazy\" \/><\/div><div class=\"portfolio-modern__wrap\"><h2 class=\"portfolio-modern__title\">Epoxid-B\u00f6den<\/h2><div class=\"portfolio-modern__excerpt\">Epoxid-Boden geh\u00f6rt zu den verbreitetsten Gussb\u00f6den und ist vor allem f\u00fcr den Au\u00dfenbereich geeignet. Epoxid ist ungleich h\u00e4rter als Polyurethan. Diese Bodenart hat eine lange Betriebsdauer, aber ist zerbrechlicher und wird deshalb in der St\u00e4rke 3- 4 mm angewendet. Dank...<\/div><\/div><\/a><\/li><li class='isotope-item portfolio-modern portfolio-modern--style-1 sluzby col-xs-6 col-md-4'><a href=\"https:\/\/betonfloor.sk\/de\/portfolio\/polyurethan-boeden\/\" class=\"portfolio-modern__link\"><div class=\"portfolio-modern__image\"><img width=\"360\" height=\"267\" src=\"https:\/\/betonfloor.sk\/wp-content\/uploads\/2014\/12\/polyurethane-floor-coatings-london-360x267.jpg\" class=\"attachment-post-thumb attachment-post-thumb size-post-thumb wp-post-image\" alt=\"\" loading=\"lazy\" \/><\/div><div class=\"portfolio-modern__wrap\"><h2 class=\"portfolio-modern__title\">Polyurethan-B\u00f6den<\/h2><div class=\"portfolio-modern__excerpt\">Polyurethan-B\u00f6den Polyurethan-Boden ist weicher, flexibler und elastischer als Epoxid-Boden in der St\u00e4rke 3 \u2013 4 mm. Diese Beschaffenheit ist geeignet f\u00fcr Wohnr\u00e4ume und Interieur. Die Polyurethan Oberfl\u00e4che ist sehr angenehm zum Barfu\u00dfgehen, besitzt Trittschallschutz-Eigenschaften und kann leicht neu gestrichen werden....<\/div><\/div><\/a><\/li><li class='isotope-item portfolio-modern portfolio-modern--style-1 sluzby col-xs-6 col-md-4'><a href=\"https:\/\/betonfloor.sk\/de\/portfolio\/polierter-beton\/\" class=\"portfolio-modern__link\"><div class=\"portfolio-modern__image\"><img width=\"360\" height=\"267\" src=\"https:\/\/betonfloor.sk\/wp-content\/uploads\/2020\/02\/lesteny-beton-360x267.jpg\" class=\"attachment-post-thumb attachment-post-thumb size-post-thumb wp-post-image\" alt=\"\" loading=\"lazy\" \/><\/div><div class=\"portfolio-modern__wrap\"><h2 class=\"portfolio-modern__title\">Polierter Beton<\/h2><div class=\"portfolio-modern__excerpt\">Polierter Beton Polierter Beton ist eine Technologie f\u00fcr die Renovierung und Behandlung der B\u00f6den, die alte und auch neue Betonb\u00f6den in repr\u00e4sentative und attraktive Oberfl\u00e4chen mit hoher Lebensdauer ver\u00e4ndert. Polierte Betonb\u00f6den sind 8 \u2013 10-mal festere. All dies ohne Polymerisat-Grundierung...<\/div><\/div><\/a><\/li><li class='isotope-item portfolio-modern portfolio-modern--style-1 sluzby col-xs-6 col-md-4'><a href=\"https:\/\/betonfloor.sk\/de\/portfolio\/beton-schleifen\/\" class=\"portfolio-modern__link\"><div class=\"portfolio-modern__image\"><img width=\"360\" height=\"267\" src=\"https:\/\/betonfloor.sk\/wp-content\/uploads\/2020\/02\/3ef138aee6b2117c30e0238065cee42a-360x267.jpg\" class=\"attachment-post-thumb attachment-post-thumb size-post-thumb wp-post-image\" alt=\"\" loading=\"lazy\" \/><\/div><div class=\"portfolio-modern__wrap\"><h2 class=\"portfolio-modern__title\">Beton-Schleifen<\/h2><div class=\"portfolio-modern__excerpt\">Betonb\u00f6den Professionelles Schleifen des Untergrundes mit gro\u00dfen oder kleinen Unebenheiten und vom h\u00e4rteren Beton. Das Schleifen der Beton-, Terrazzo-, Marmor-, Travertin-Oberfl\u00e4chen von Industrieb\u00f6den\u00a0 und dem Granit. Wir schleifen die Estriche und renovieren die alten B\u00f6den mit speziellen Schleifmaschinen. Das Schleifen...<\/div><\/div><\/a><\/li><li class='isotope-item portfolio-modern portfolio-modern--style-1 sluzby col-xs-6 col-md-4'><a href=\"https:\/\/betonfloor.sk\/de\/portfolio\/steinteppich\/\" class=\"portfolio-modern__link\"><div class=\"portfolio-modern__image\"><img width=\"360\" height=\"267\" src=\"https:\/\/betonfloor.sk\/wp-content\/uploads\/2020\/03\/41587285_1600-360x267.jpg\" class=\"attachment-post-thumb attachment-post-thumb size-post-thumb wp-post-image\" alt=\"\" loading=\"lazy\" \/><\/div><div class=\"portfolio-modern__wrap\"><h2 class=\"portfolio-modern__title\">Steinteppich<\/h2><div class=\"portfolio-modern__excerpt\">Das Anwendungssystem f\u00fcr den Gebrauch im Exterieur. Dieses System wird verwendet, um die finale Oberfl\u00e4chenschicht der gefestigten Fl\u00e4che herzustellen, z. B. Balkone, Terrassen, Schwimmbeckenbereiche, Einfahrten, Treppen, Fu\u00dfwege, H\u00f6fe, Parkpl\u00e4tze und andere gefestigte Fl\u00e4chen. Der Steinteppich eignet sich auch f\u00fcr eine...<\/div><\/div><\/a><\/li><\/ul><div class='portfolio-pagination'><\/div>[\/vc_column][\/vc_row]<\/p>\n","protected":false},"excerpt":{"rendered":"<p>[vc_row css=&#8220;.vc_custom_1418303236699{margin-top: -75px !important;}&#8220; has_content=&#8220;true&#8220;][vc_column][\/vc_column][\/vc_row]<\/p>\n","protected":false},"author":4,"featured_media":0,"parent":0,"menu_order":0,"comment_status":"open","ping_status":"open","template":"","meta":{"spay_email":""},"_links":{"self":[{"href":"https:\/\/betonfloor.sk\/de\/wp-json\/wp\/v2\/pages\/1499"}],"collection":[{"href":"https:\/\/betonfloor.sk\/de\/wp-json\/wp\/v2\/pages"}],"about":[{"href":"https:\/\/betonfloor.sk\/de\/wp-json\/wp\/v2\/types\/page"}],"author":[{"embeddable":true,"href":"https:\/\/betonfloor.sk\/de\/wp-json\/wp\/v2\/users\/4"}],"replies":[{"embeddable":true,"href":"https:\/\/betonfloor.sk\/de\/wp-json\/wp\/v2\/comments?post=1499"}],"version-history":[{"count":1,"href":"https:\/\/betonfloor.sk\/de\/wp-json\/wp\/v2\/pages\/1499\/revisions"}],"predecessor-version":[{"id":1500,"href":"https:\/\/betonfloor.sk\/de\/wp-json\/wp\/v2\/pages\/1499\/revisions\/1500"}],"wp:attachment":[{"href":"https:\/\/betonfloor.sk\/de\/wp-json\/wp\/v2\/media?parent=1499"}],"curies":[{"name":"wp","href":"https:\/\/api.w.org\/{rel}","templated":true}]}}